{"id":5059,"date":"2025-04-20T09:50:56","date_gmt":"2025-04-20T14:50:56","guid":{"rendered":"https:\/\/chikitoonz.com\/site\/?page_id=5059"},"modified":"2025-10-29T16:14:09","modified_gmt":"2025-10-29T21:14:09","slug":"mundo-chiki","status":"publish","type":"page","link":"https:\/\/chikitoonz.com\/site\/mundo-chiki\/","title":{"rendered":"Mundo Chiki"},"content":{"rendered":"\t\t<div data-elementor-type=\"wp-page\" data-elementor-id=\"5059\" class=\"elementor elementor-5059\" data-elementor-post-type=\"page\">\n\t\t\t\t<div class=\"elementor-element elementor-element-a831f0e e-flex e-con-boxed e-con e-parent\" data-id=\"a831f0e\" data-element_type=\"container\" data-e-type=\"container\" data-settings=\"{&quot;background_background&quot;:&quot;classic&quot;}\">\n\t\t\t\t\t<div class=\"e-con-inner\">\n\t\t<div class=\"elementor-element elementor-element-c7a6b14 e-con-full e-flex e-con e-child\" data-id=\"c7a6b14\" data-element_type=\"container\" data-e-type=\"container\">\n\t\t\t\t<div class=\"elementor-element elementor-element-242fc09 elementor-invisible elementor-widget elementor-widget-heading\" data-id=\"242fc09\" data-element_type=\"widget\" data-e-type=\"widget\" data-settings=\"{&quot;_animation&quot;:&quot;bounceInDown&quot;}\" data-widget_type=\"heading.default\">\n\t\t\t\t<div class=\"elementor-widget-container\">\n\t\t\t\t\t<h1 class=\"elementor-heading-title elementor-size-default\">MUNDO CHIKI<\/h1>\t\t\t\t<\/div>\n\t\t\t\t<\/div>\n\t\t\t\t<\/div>\n\t\t\t\t\t<\/div>\n\t\t\t\t<\/div>\n\t\t<div class=\"elementor-element elementor-element-bad4028 e-con-full e-flex e-con e-parent\" data-id=\"bad4028\" data-element_type=\"container\" data-e-type=\"container\">\n\t\t<div class=\"elementor-element elementor-element-8431543 e-flex e-con-boxed e-con e-child\" data-id=\"8431543\" data-element_type=\"container\" data-e-type=\"container\" data-settings=\"{&quot;animation&quot;:&quot;none&quot;}\">\n\t\t\t\t\t<div class=\"e-con-inner\">\n\t\t\t\t<div class=\"elementor-element elementor-element-be2252a elementor-widget elementor-widget-eael-breadcrumbs\" data-id=\"be2252a\" data-element_type=\"widget\" data-e-type=\"widget\" data-widget_type=\"eael-breadcrumbs.default\">\n\t\t\t\t<div class=\"elementor-widget-container\">\n\t\t\t\t\t\t\t<div class=\"eael-breadcrumbs\">\n\t\t\t<div class=\"eael-breadcrumbs__content\"><a href=\"https:\/\/chikitoonz.com\/site\">Inicio<\/a> <span class=\"eael-breadcrumb-separator\">\/<\/span> <span class = \"eael-current\">P\u00e1gina<\/span><\/div>\t\t<\/div>\n\t\t\t\t\t\t<\/div>\n\t\t\t\t<\/div>\n\t\t\t\t<div class=\"elementor-element elementor-element-c00fd51 elementor-widget__width-initial elementor-invisible elementor-widget elementor-widget-text-editor\" data-id=\"c00fd51\" data-element_type=\"widget\" data-e-type=\"widget\" data-settings=\"{&quot;_animation&quot;:&quot;fadeIn&quot;}\" data-widget_type=\"text-editor.default\">\n\t\t\t\t<div class=\"elementor-widget-container\">\n\t\t\t\t\t\t\t\t\t<p>\u00a1Bienvenidos a Mundo Chiki! \ud83c\udf1f\u2728 Un lugar m\u00e1gico donde podr\u00e1s descubrir todo lo que hemos creado para ti: m\u00fasica, juegos, sorpresas, recetas y mucho m\u00e1s. Aqu\u00ed conocer\u00e1s los distintos espacios de Chiki Toonz, llenos de alegr\u00eda, color y diversi\u00f3n. \u00a1Y eso no es todo! Muy pronto tendremos m\u00e1s sorpresas que har\u00e1n este mundo a\u00fan m\u00e1s especial. \ud83c\udf89\ud83c\udf08<\/p>\t\t\t\t\t\t\t\t<\/div>\n\t\t\t\t<\/div>\n\t\t\t\t\t<\/div>\n\t\t\t\t<\/div>\n\t\t\t\t<\/div>\n\t\t<div class=\"elementor-element elementor-element-d143551 e-con-full e-flex e-con e-parent\" data-id=\"d143551\" data-element_type=\"container\" data-e-type=\"container\" data-settings=\"{&quot;background_background&quot;:&quot;classic&quot;}\">\n\t\t<div class=\"elementor-element elementor-element-f72e8df e-grid e-con-boxed e-con e-child\" data-id=\"f72e8df\" data-element_type=\"container\" data-e-type=\"container\">\n\t\t\t\t\t<div class=\"e-con-inner\">\n\t\t\t\t<div class=\"elementor-element elementor-element-1baec0c elementor-widget__width-initial elementor-widget-mobile__width-inherit ekit-equal-height-enable elementor-widget elementor-widget-elementskit-image-box\" data-id=\"1baec0c\" data-element_type=\"widget\" data-e-type=\"widget\" data-widget_type=\"elementskit-image-box.default\">\n\t\t\t\t<div class=\"elementor-widget-container\">\n\t\t\t\t\t<div class=\"ekit-wid-con\" >\n            <div class=\"elementskit-info-image-box ekit-image-box text-center simple-card\" >\n\n                <a href=\"https:\/\/www.youtube.com\/@ChikiPaintz\" target=\"_blank\">\n                <div class=\"elementskit-box-header image-box-img-center\">\n\n                    <img decoding=\"async\" src=\"https:\/\/chikitoonz.com\/site\/wp-content\/uploads\/elementor\/thumbs\/chikipaintz-qtuqc92z01hobitwi03ihlwt02pkd2lniikscgzthc.jpg\" title=\"chikipaintz\" alt=\"chikipaintz\" loading=\"lazy\" \/>\n                <\/div>\n                <\/a>\n                <div class=\"elementskit-box-body ekit-image-box-body\">\n                    <div class=\"elementskit-box-content ekit-image-box-body-inner\">\n                                                <h2 class=\"elementskit-info-box-title\">\n\n                        CHIKI PAINTZ\n                        \n                    <\/h2>\n                                                            <div class=\"elementskit-box-style-content\">\n                        Prep\u00e1rate para un mundo lleno de aventuras y colores que te ayudar\u00e1 a desarrollar tu creatividad con las divertidas caritas pintadas.                    <\/div>\n                                    <\/div>\n\n                                <div class=\"elementskit-box-footer\">\n                    <div class=\"box-footer\">\n                        <div class=\"btn-wraper\">\n                                                            <a href=\"https:\/\/www.youtube.com\/@ChikiPaintz\" target=\"_blank\" class=\"elementskit-btn whitespace--normal\">\n                                    VER M\u00c1S                                <\/a>\n                                                    <\/div>\n                    <\/div>\n                <\/div>\n                            <\/div>\n            <\/div>\n    <\/div>\t\t\t\t<\/div>\n\t\t\t\t<\/div>\n\t\t\t\t<div class=\"elementor-element elementor-element-f80d606 elementor-widget__width-initial elementor-widget-mobile__width-inherit ekit-equal-height-enable elementor-widget elementor-widget-elementskit-image-box\" data-id=\"f80d606\" data-element_type=\"widget\" data-e-type=\"widget\" data-widget_type=\"elementskit-image-box.default\">\n\t\t\t\t<div class=\"elementor-widget-container\">\n\t\t\t\t\t<div class=\"ekit-wid-con\" >\n            <div class=\"elementskit-info-image-box ekit-image-box text-center simple-card\" >\n\n                <a href=\"https:\/\/www.youtube.com\/@KidsChikiShow\" target=\"_blank\">\n                <div class=\"elementskit-box-header image-box-img-center\">\n\n                    <img decoding=\"async\" src=\"https:\/\/chikitoonz.com\/site\/wp-content\/uploads\/elementor\/thumbs\/chikifun-qtux10grjd2o3v41mkmdncq6m214y3eka652ky0lq8.jpg\" title=\"chikifun\" alt=\"chikifun\" loading=\"lazy\" \/>\n                <\/div>\n                <\/a>\n                <div class=\"elementskit-box-body ekit-image-box-body\">\n                    <div class=\"elementskit-box-content ekit-image-box-body-inner\">\n                                                <h3 class=\"elementskit-info-box-title\">\n\n                        CHIKI FUN\n                        \n                    <\/h3>\n                                                            <div class=\"elementskit-box-style-content\">\n                        Aca encontrar\u00e1s y disfrutar\u00e1s muchas aventuras y aprenderemos con maravillosas experiencias visitando diferentes lugares.                    <\/div>\n                                    <\/div>\n\n                                <div class=\"elementskit-box-footer\">\n                    <div class=\"box-footer\">\n                        <div class=\"btn-wraper\">\n                                                            <a href=\"https:\/\/www.youtube.com\/@KidsChikiShow\" target=\"_blank\" class=\"elementskit-btn whitespace--normal\">\n                                    \n                                    \n                                    VER M\u00c1S                                <\/a>\n                                                        <\/div>\n                    <\/div>\n                <\/div>\n                            <\/div>\n            <\/div>\n    <\/div>\t\t\t\t<\/div>\n\t\t\t\t<\/div>\n\t\t\t\t<div class=\"elementor-element elementor-element-a74307c elementor-widget__width-initial elementor-widget-mobile__width-inherit ekit-equal-height-enable elementor-widget elementor-widget-elementskit-image-box\" data-id=\"a74307c\" data-element_type=\"widget\" data-e-type=\"widget\" data-widget_type=\"elementskit-image-box.default\">\n\t\t\t\t<div class=\"elementor-widget-container\">\n\t\t\t\t\t<div class=\"ekit-wid-con\" >\n            <div class=\"elementskit-info-image-box ekit-image-box text-center simple-card\" >\n\n                <a href=\"https:\/\/www.youtube.com\/@ChikiCookz\" target=\"_blank\">\n                <div class=\"elementskit-box-header image-box-img-center\">\n\n                    <img decoding=\"async\" src=\"https:\/\/chikitoonz.com\/site\/wp-content\/uploads\/elementor\/thumbs\/chikicookz-qtut3itcs5dugymutwv2tk3bj1f3aap4huwuyht0cg.jpg\" title=\"chikicookz\" alt=\"chikicookz\" loading=\"lazy\" \/>\n                <\/div>\n                <\/a>\n                <div class=\"elementskit-box-body ekit-image-box-body\">\n                    <div class=\"elementskit-box-content ekit-image-box-body-inner\">\n                                                <h3 class=\"elementskit-info-box-title\">\n\n                        CHIKI COOKZ\n                        \n                    <\/h3>\n                                                            <div class=\"elementskit-box-style-content\">\n                        Ahora toca demostrar nuestras habilidades en la cocina preparando sencillas y deliciosas recetas... pronto m\u00e1s novedades.                    <\/div>\n                                    <\/div>\n\n                                <div class=\"elementskit-box-footer\">\n                    <div class=\"box-footer\">\n                        <div class=\"btn-wraper\">\n                                                            <a href=\"https:\/\/www.youtube.com\/@ChikiCookz\" target=\"_blank\" class=\"elementskit-btn whitespace--normal\">\n                                    \n                                    \n                                    VER M\u00c1S                                <\/a>\n                                                        <\/div>\n                    <\/div>\n                <\/div>\n                            <\/div>\n            <\/div>\n    <\/div>\t\t\t\t<\/div>\n\t\t\t\t<\/div>\n\t\t\t\t<div class=\"elementor-element elementor-element-048de60 elementor-widget__width-initial elementor-widget-mobile__width-inherit ekit-equal-height-enable elementor-widget elementor-widget-elementskit-image-box\" data-id=\"048de60\" data-element_type=\"widget\" data-e-type=\"widget\" data-widget_type=\"elementskit-image-box.default\">\n\t\t\t\t<div class=\"elementor-widget-container\">\n\t\t\t\t\t<div class=\"ekit-wid-con\" >\n            <div class=\"elementskit-info-image-box ekit-image-box text-center simple-card\" >\n\n                <a href=\"https:\/\/www.youtube.com\/@Tooniez\">\n                <div class=\"elementskit-box-header image-box-img-center\">\n\n                    <img decoding=\"async\" src=\"https:\/\/chikitoonz.com\/site\/wp-content\/uploads\/elementor\/thumbs\/tooniez-qtux1bqttdi3z6nnsphwh9vpqohjigncbpywc9jvnk.jpg\" title=\"tooniez\" alt=\"tooniez\" loading=\"lazy\" \/>\n                <\/div>\n                <\/a>\n                <div class=\"elementskit-box-body ekit-image-box-body\">\n                    <div class=\"elementskit-box-content ekit-image-box-body-inner\">\n                                                <h3 class=\"elementskit-info-box-title\">\n\n                        TOONIEZ\n                        \n                    <\/h3>\n                                                            <div class=\"elementskit-box-style-content\">\n                        Tum Tum, Toing, Timi, Tom Tom y Ta Ta, cinco adorables criaturas que te invitan a unirse a ellos en divertidas y educativas aventuras.                    <\/div>\n                                    <\/div>\n\n                                <div class=\"elementskit-box-footer\">\n                    <div class=\"box-footer\">\n                        <div class=\"btn-wraper\">\n                                                            <a href=\"https:\/\/www.youtube.com\/@Tooniez\" target=\"_blank\" class=\"elementskit-btn whitespace--normal\">\n                                    \n                                    \n                                    VER M\u00c1S                                <\/a>\n                                                        <\/div>\n                    <\/div>\n                <\/div>\n                            <\/div>\n            <\/div>\n    <\/div>\t\t\t\t<\/div>\n\t\t\t\t<\/div>\n\t\t\t\t\t<\/div>\n\t\t\t\t<\/div>\n\t\t\t\t<\/div>\n\t\t\t\t<\/div>\n\t\t","protected":false},"excerpt":{"rendered":"<p>MUNDO CHIKI Inicio \/ P\u00e1gina \u00a1Bienvenidos a Mundo Chiki! \ud83c\udf1f\u2728 Un lugar m\u00e1gico donde podr\u00e1s descubrir todo lo que hemos creado para ti: m\u00fasica, juegos, sorpresas, recetas y mucho m\u00e1s. Aqu\u00ed conocer\u00e1s los distintos espacios de Chiki Toonz, llenos de alegr\u00eda, color y diversi\u00f3n. \u00a1Y eso no es todo! Muy pronto tendremos m\u00e1s sorpresas que [&hellip;]<\/p>\n","protected":false},"author":1,"featured_media":0,"parent":0,"menu_order":0,"comment_status":"closed","ping_status":"closed","template":"elementor_header_footer","meta":{"footnotes":""},"class_list":["post-5059","page","type-page","status-publish","hentry"],"_links":{"self":[{"href":"https:\/\/chikitoonz.com\/site\/wp-json\/wp\/v2\/pages\/5059","targetHints":{"allow":["GET"]}}],"collection":[{"href":"https:\/\/chikitoonz.com\/site\/wp-json\/wp\/v2\/pages"}],"about":[{"href":"https:\/\/chikitoonz.com\/site\/wp-json\/wp\/v2\/types\/page"}],"author":[{"embeddable":true,"href":"https:\/\/chikitoonz.com\/site\/wp-json\/wp\/v2\/users\/1"}],"replies":[{"embeddable":true,"href":"https:\/\/chikitoonz.com\/site\/wp-json\/wp\/v2\/comments?post=5059"}],"version-history":[{"count":58,"href":"https:\/\/chikitoonz.com\/site\/wp-json\/wp\/v2\/pages\/5059\/revisions"}],"predecessor-version":[{"id":6949,"href":"https:\/\/chikitoonz.com\/site\/wp-json\/wp\/v2\/pages\/5059\/revisions\/6949"}],"wp:attachment":[{"href":"https:\/\/chikitoonz.com\/site\/wp-json\/wp\/v2\/media?parent=5059"}],"curies":[{"name":"wp","href":"https:\/\/api.w.org\/{rel}","templated":true}]}}