{"id":5053,"date":"2025-04-20T09:47:37","date_gmt":"2025-04-20T14:47:37","guid":{"rendered":"https:\/\/chikitoonz.com\/site\/?page_id=5053"},"modified":"2025-09-09T05:20:37","modified_gmt":"2025-09-09T10:20:37","slug":"hazlo-tu-mismo","status":"publish","type":"page","link":"https:\/\/chikitoonz.com\/site\/hazlo-tu-mismo\/","title":{"rendered":"Hazlo tu mismo"},"content":{"rendered":"\t\t<div data-elementor-type=\"wp-page\" data-elementor-id=\"5053\" class=\"elementor elementor-5053\" data-elementor-post-type=\"page\">\n\t\t\t\t<div class=\"elementor-element elementor-element-a831f0e e-flex e-con-boxed e-con e-parent\" data-id=\"a831f0e\" data-element_type=\"container\" data-e-type=\"container\" data-settings=\"{&quot;background_background&quot;:&quot;classic&quot;}\">\n\t\t\t\t\t<div class=\"e-con-inner\">\n\t\t<div class=\"elementor-element elementor-element-c7a6b14 e-con-full e-flex e-con e-child\" data-id=\"c7a6b14\" data-element_type=\"container\" data-e-type=\"container\">\n\t\t\t\t<div class=\"elementor-element elementor-element-242fc09 elementor-invisible elementor-widget elementor-widget-heading\" data-id=\"242fc09\" data-element_type=\"widget\" data-e-type=\"widget\" data-settings=\"{&quot;_animation&quot;:&quot;bounceInDown&quot;}\" data-widget_type=\"heading.default\">\n\t\t\t\t<div class=\"elementor-widget-container\">\n\t\t\t\t\t<h1 class=\"elementor-heading-title elementor-size-default\">HAZLO T\u00da MISMO<\/h1>\t\t\t\t<\/div>\n\t\t\t\t<\/div>\n\t\t\t\t<\/div>\n\t\t\t\t\t<\/div>\n\t\t\t\t<\/div>\n\t\t<div class=\"elementor-element elementor-element-bad4028 e-con-full e-flex e-con e-parent\" data-id=\"bad4028\" data-element_type=\"container\" data-e-type=\"container\">\n\t\t<div class=\"elementor-element elementor-element-8431543 e-flex e-con-boxed e-con e-child\" data-id=\"8431543\" data-element_type=\"container\" data-e-type=\"container\" data-settings=\"{&quot;animation&quot;:&quot;none&quot;}\">\n\t\t\t\t\t<div class=\"e-con-inner\">\n\t\t\t\t<div class=\"elementor-element elementor-element-be2252a elementor-widget elementor-widget-eael-breadcrumbs\" data-id=\"be2252a\" data-element_type=\"widget\" data-e-type=\"widget\" data-widget_type=\"eael-breadcrumbs.default\">\n\t\t\t\t<div class=\"elementor-widget-container\">\n\t\t\t\t\t\t\t<div class=\"eael-breadcrumbs\">\n\t\t\t<div class=\"eael-breadcrumbs__content\"><a href=\"https:\/\/chikitoonz.com\/site\">Inicio<\/a> <span class=\"eael-breadcrumb-separator\">\/<\/span> <span class = \"eael-current\">P\u00e1gina<\/span><\/div>\t\t<\/div>\n\t\t\t\t\t\t<\/div>\n\t\t\t\t<\/div>\n\t\t\t\t<div class=\"elementor-element elementor-element-c00fd51 elementor-widget__width-initial elementor-invisible elementor-widget elementor-widget-text-editor\" data-id=\"c00fd51\" data-element_type=\"widget\" data-e-type=\"widget\" data-settings=\"{&quot;_animation&quot;:&quot;fadeIn&quot;}\" data-widget_type=\"text-editor.default\">\n\t\t\t\t<div class=\"elementor-widget-container\">\n\t\t\t\t\t\t\t\t\t<p>\u00a1Bienvenidos Chikis! \ud83c\udfa8\u2728 Este espacio ha sido creado para t\u00ed, te invitamos a divertirte mientras aprendes. Aqu\u00ed encontrar\u00e1s ideas geniales para hacer cosas incre\u00edbles con tus propias manos, usando tu imaginaci\u00f3n, pensando y sobretodo aprender\u00e1s mientras te diviertes. \u00a1Cada propuesta es una aventura nueva que puedes compartir en casa o en familia!<\/p><p>Poco a poco iremos agregando m\u00e1s actvidades, mientras tanto puedes ir fortaleciendo tu memoria. Vamos Chiki, encuentra las parejas&#8230; t\u00fa puedes!\ud83c\udf1f\ud83d\udd8d\ufe0f<\/p>\t\t\t\t\t\t\t\t<\/div>\n\t\t\t\t<\/div>\n\t\t\t\t\t<\/div>\n\t\t\t\t<\/div>\n\t\t\t\t<\/div>\n\t\t<div class=\"elementor-element elementor-element-254714c e-flex e-con-boxed e-con e-parent\" data-id=\"254714c\" data-element_type=\"container\" data-e-type=\"container\" data-settings=\"{&quot;background_background&quot;:&quot;classic&quot;,&quot;shape_divider_bottom&quot;:&quot;opacity-tilt&quot;}\">\n\t\t\t\t\t<div class=\"e-con-inner\">\n\t\t\t\t<div class=\"elementor-shape elementor-shape-bottom\" aria-hidden=\"true\" data-negative=\"false\">\n\t\t\t<svg xmlns=\"http:\/\/www.w3.org\/2000\/svg\" viewBox=\"0 0 2600 131.1\" preserveAspectRatio=\"none\">\n\t<path class=\"elementor-shape-fill\" d=\"M0 0L2600 0 2600 69.1 0 0z\"\/>\n\t<path class=\"elementor-shape-fill\" style=\"opacity:0.5\" d=\"M0 0L2600 0 2600 69.1 0 69.1z\"\/>\n\t<path class=\"elementor-shape-fill\" style=\"opacity:0.25\" d=\"M2600 0L0 0 0 130.1 2600 69.1z\"\/>\n<\/svg>\t\t<\/div>\n\t\t\t\t<div class=\"elementor-element elementor-element-4c06ef3 elementor-widget__width-initial elementor-widget elementor-widget-heading\" data-id=\"4c06ef3\" data-element_type=\"widget\" data-e-type=\"widget\" data-widget_type=\"heading.default\">\n\t\t\t\t<div class=\"elementor-widget-container\">\n\t\t\t\t\t<h2 class=\"elementor-heading-title elementor-size-default\">Chiki Memoria<\/h2>\t\t\t\t<\/div>\n\t\t\t\t<\/div>\n\t\t\t\t<div class=\"elementor-element elementor-element-de891fd elementor-widget__width-inherit elementor-widget elementor-widget-shortcode\" data-id=\"de891fd\" data-element_type=\"widget\" data-e-type=\"widget\" data-widget_type=\"shortcode.default\">\n\t\t\t\t<div class=\"elementor-widget-container\">\n\t\t\t\t\t\t\t<div class=\"elementor-shortcode\">    <div class=\"memojuego-container\">\n            <div class=\"memojuego-card\" data-imagen=\"https:\/\/chikitoonz.com\/site\/wp-content\/uploads\/2025\/06\/mariano_2.avif\">\n            <div class=\"memojuego-inner\">\n                <div class=\"memojuego-front\"><\/div>\n                <div class=\"memojuego-back\" style=\"background-image: url('https:\/\/chikitoonz.com\/site\/wp-content\/uploads\/2025\/06\/mariano_2.avif')\"><\/div>\n            <\/div>\n        <\/div>\n            <div class=\"memojuego-card\" data-imagen=\"https:\/\/chikitoonz.com\/site\/wp-content\/uploads\/2025\/06\/amil2.jpg\">\n            <div class=\"memojuego-inner\">\n                <div class=\"memojuego-front\"><\/div>\n                <div class=\"memojuego-back\" style=\"background-image: url('https:\/\/chikitoonz.com\/site\/wp-content\/uploads\/2025\/06\/amil2.jpg')\"><\/div>\n            <\/div>\n        <\/div>\n            <div class=\"memojuego-card\" data-imagen=\"https:\/\/chikitoonz.com\/site\/wp-content\/uploads\/2025\/06\/cata2.avif\">\n            <div class=\"memojuego-inner\">\n                <div class=\"memojuego-front\"><\/div>\n                <div class=\"memojuego-back\" style=\"background-image: url('https:\/\/chikitoonz.com\/site\/wp-content\/uploads\/2025\/06\/cata2.avif')\"><\/div>\n            <\/div>\n        <\/div>\n            <div class=\"memojuego-card\" data-imagen=\"https:\/\/chikitoonz.com\/site\/wp-content\/uploads\/2025\/06\/cayetana2-1.jpg\">\n            <div class=\"memojuego-inner\">\n                <div class=\"memojuego-front\"><\/div>\n                <div class=\"memojuego-back\" style=\"background-image: url('https:\/\/chikitoonz.com\/site\/wp-content\/uploads\/2025\/06\/cayetana2-1.jpg')\"><\/div>\n            <\/div>\n        <\/div>\n            <div class=\"memojuego-card\" data-imagen=\"https:\/\/chikitoonz.com\/site\/wp-content\/uploads\/2025\/06\/mariano_2.avif\">\n            <div class=\"memojuego-inner\">\n                <div class=\"memojuego-front\"><\/div>\n                <div class=\"memojuego-back\" style=\"background-image: url('https:\/\/chikitoonz.com\/site\/wp-content\/uploads\/2025\/06\/mariano_2.avif')\"><\/div>\n            <\/div>\n        <\/div>\n            <div class=\"memojuego-card\" data-imagen=\"https:\/\/chikitoonz.com\/site\/wp-content\/uploads\/2025\/06\/ale2-1.avif\">\n            <div class=\"memojuego-inner\">\n                <div class=\"memojuego-front\"><\/div>\n                <div class=\"memojuego-back\" style=\"background-image: url('https:\/\/chikitoonz.com\/site\/wp-content\/uploads\/2025\/06\/ale2-1.avif')\"><\/div>\n            <\/div>\n        <\/div>\n            <div class=\"memojuego-card\" data-imagen=\"https:\/\/chikitoonz.com\/site\/wp-content\/uploads\/2025\/06\/cata2.avif\">\n            <div class=\"memojuego-inner\">\n                <div class=\"memojuego-front\"><\/div>\n                <div class=\"memojuego-back\" style=\"background-image: url('https:\/\/chikitoonz.com\/site\/wp-content\/uploads\/2025\/06\/cata2.avif')\"><\/div>\n            <\/div>\n        <\/div>\n            <div class=\"memojuego-card\" data-imagen=\"https:\/\/chikitoonz.com\/site\/wp-content\/uploads\/2025\/06\/cayetana2-1.jpg\">\n            <div class=\"memojuego-inner\">\n                <div class=\"memojuego-front\"><\/div>\n                <div class=\"memojuego-back\" style=\"background-image: url('https:\/\/chikitoonz.com\/site\/wp-content\/uploads\/2025\/06\/cayetana2-1.jpg')\"><\/div>\n            <\/div>\n        <\/div>\n            <div class=\"memojuego-card\" data-imagen=\"https:\/\/chikitoonz.com\/site\/wp-content\/uploads\/2025\/06\/iva2.avif\">\n            <div class=\"memojuego-inner\">\n                <div class=\"memojuego-front\"><\/div>\n                <div class=\"memojuego-back\" style=\"background-image: url('https:\/\/chikitoonz.com\/site\/wp-content\/uploads\/2025\/06\/iva2.avif')\"><\/div>\n            <\/div>\n        <\/div>\n            <div class=\"memojuego-card\" data-imagen=\"https:\/\/chikitoonz.com\/site\/wp-content\/uploads\/2025\/06\/ale2-1.avif\">\n            <div class=\"memojuego-inner\">\n                <div class=\"memojuego-front\"><\/div>\n                <div class=\"memojuego-back\" style=\"background-image: url('https:\/\/chikitoonz.com\/site\/wp-content\/uploads\/2025\/06\/ale2-1.avif')\"><\/div>\n            <\/div>\n        <\/div>\n            <div class=\"memojuego-card\" data-imagen=\"https:\/\/chikitoonz.com\/site\/wp-content\/uploads\/2025\/06\/amil2.jpg\">\n            <div class=\"memojuego-inner\">\n                <div class=\"memojuego-front\"><\/div>\n                <div class=\"memojuego-back\" style=\"background-image: url('https:\/\/chikitoonz.com\/site\/wp-content\/uploads\/2025\/06\/amil2.jpg')\"><\/div>\n            <\/div>\n        <\/div>\n            <div class=\"memojuego-card\" data-imagen=\"https:\/\/chikitoonz.com\/site\/wp-content\/uploads\/2025\/06\/iva2.avif\">\n            <div class=\"memojuego-inner\">\n                <div class=\"memojuego-front\"><\/div>\n                <div class=\"memojuego-back\" style=\"background-image: url('https:\/\/chikitoonz.com\/site\/wp-content\/uploads\/2025\/06\/iva2.avif')\"><\/div>\n            <\/div>\n        <\/div>\n        <\/div>\n    <\/div>\n\t\t\t\t\t\t<\/div>\n\t\t\t\t<\/div>\n\t\t\t\t\t<\/div>\n\t\t\t\t<\/div>\n\t\t<div class=\"elementor-element elementor-element-dcd79f1 e-flex e-con-boxed e-con e-parent\" data-id=\"dcd79f1\" data-element_type=\"container\" data-e-type=\"container\" data-settings=\"{&quot;background_background&quot;:&quot;classic&quot;}\">\n\t\t\t\t\t<div class=\"e-con-inner\">\n\t\t\t\t<div class=\"elementor-element elementor-element-4b9209d elementor-widget__width-initial elementor-widget elementor-widget-heading\" data-id=\"4b9209d\" data-element_type=\"widget\" data-e-type=\"widget\" data-widget_type=\"heading.default\">\n\t\t\t\t<div class=\"elementor-widget-container\">\n\t\t\t\t\t<h2 class=\"elementor-heading-title elementor-size-default\">Chiki Siluetas<\/h2>\t\t\t\t<\/div>\n\t\t\t\t<\/div>\n\t\t\t\t<div class=\"elementor-element elementor-element-5ccddbe elementor-widget__width-inherit elementor-widget elementor-widget-shortcode\" data-id=\"5ccddbe\" data-element_type=\"widget\" data-e-type=\"widget\" data-widget_type=\"shortcode.default\">\n\t\t\t\t<div class=\"elementor-widget-container\">\n\t\t\t\t\t\t\t<div class=\"elementor-shortcode\"><div id=\"chiki-game\" class=\"chikisiluetas-juego\"><div id=\"chiki-silueta\" class=\"chiki-show\"><\/div><div id=\"chiki-opciones\" class=\"chiki-show\"><\/div><div id=\"chiki-mensaje\" style=\"margin-top: 10px;\"><\/div><\/div><script>const CHIKI_DATA = [{\"img\":\"https:\\\/\\\/chikitoonz.com\\\/site\\\/wp-content\\\/uploads\\\/2025\\\/07\\\/aguila_.png\",\"opts\":[\"\\u00c1guila\",\"Colibr\\u00ed\",\"Paloma\",\"C\\u00f3ndor\",\"Pel\\u00edcano\"],\"correcta\":\"0\"},{\"img\":\"https:\\\/\\\/chikitoonz.com\\\/site\\\/wp-content\\\/uploads\\\/2025\\\/07\\\/rino_.png\",\"opts\":[\"Rinoceronte\",\"Hipop\\u00f3tamo\",\"Le\\u00f3n\",\"Elefante\",\"Cocodrilo\"],\"correcta\":\"0\"},{\"img\":\"https:\\\/\\\/chikitoonz.com\\\/site\\\/wp-content\\\/uploads\\\/2025\\\/07\\\/jirafa_.png\",\"opts\":[\"Jirafa\",\"Gato\",\"Perro\",\"Ganso\",\"Delfin\"],\"correcta\":\"0\"},{\"img\":\"https:\\\/\\\/chikitoonz.com\\\/site\\\/wp-content\\\/uploads\\\/2025\\\/07\\\/leon_.png\",\"opts\":[\"Le\\u00f3n\",\"Gato\",\"Puma\",\"Lince\",\"Pantera\"],\"correcta\":\"0\"},{\"img\":\"https:\\\/\\\/chikitoonz.com\\\/site\\\/wp-content\\\/uploads\\\/2025\\\/07\\\/ballena_.png\",\"opts\":[\"Ballena\",\"Delf\\u00cdn\",\"Tibur\\u00f3n\",\"Cangrejo\",\"Foca\"],\"correcta\":\"0\"},{\"img\":\"https:\\\/\\\/chikitoonz.com\\\/site\\\/wp-content\\\/uploads\\\/2025\\\/07\\\/alce_.png\",\"opts\":[\"Alce\",\"Venado\",\"Oveja\",\"Cabra\",\"Reno\"],\"correcta\":\"0\"},{\"img\":\"https:\\\/\\\/chikitoonz.com\\\/site\\\/wp-content\\\/uploads\\\/2025\\\/07\\\/hipo_.png\",\"opts\":[\"Hipop\\u00f3tamo\",\"Elefante\",\"Tigre\",\"Jirafa\",\"Canguro\"],\"correcta\":\"0\"},{\"img\":\"https:\\\/\\\/chikitoonz.com\\\/site\\\/wp-content\\\/uploads\\\/2025\\\/07\\\/vaca_.png\",\"opts\":[\"Vaca\",\"Caballo\",\"Rinoceronte\",\"Cebra\",\"Topo\"],\"correcta\":\"0\"}];<\/script><\/div>\n\t\t\t\t\t\t<\/div>\n\t\t\t\t<\/div>\n\t\t\t\t\t<\/div>\n\t\t\t\t<\/div>\n\t\t\t\t<\/div>\n\t\t","protected":false},"excerpt":{"rendered":"<p>HAZLO T\u00da MISMO Inicio \/ P\u00e1gina \u00a1Bienvenidos Chikis! \ud83c\udfa8\u2728 Este espacio ha sido creado para t\u00ed, te invitamos a divertirte mientras aprendes. Aqu\u00ed encontrar\u00e1s ideas geniales para hacer cosas incre\u00edbles con tus propias manos, usando tu imaginaci\u00f3n, pensando y sobretodo aprender\u00e1s mientras te diviertes. \u00a1Cada propuesta es una aventura nueva que puedes compartir en casa [&hellip;]<\/p>\n","protected":false},"author":1,"featured_media":0,"parent":0,"menu_order":0,"comment_status":"closed","ping_status":"closed","template":"elementor_header_footer","meta":{"footnotes":""},"class_list":["post-5053","page","type-page","status-publish","hentry"],"_links":{"self":[{"href":"https:\/\/chikitoonz.com\/site\/wp-json\/wp\/v2\/pages\/5053","targetHints":{"allow":["GET"]}}],"collection":[{"href":"https:\/\/chikitoonz.com\/site\/wp-json\/wp\/v2\/pages"}],"about":[{"href":"https:\/\/chikitoonz.com\/site\/wp-json\/wp\/v2\/types\/page"}],"author":[{"embeddable":true,"href":"https:\/\/chikitoonz.com\/site\/wp-json\/wp\/v2\/users\/1"}],"replies":[{"embeddable":true,"href":"https:\/\/chikitoonz.com\/site\/wp-json\/wp\/v2\/comments?post=5053"}],"version-history":[{"count":127,"href":"https:\/\/chikitoonz.com\/site\/wp-json\/wp\/v2\/pages\/5053\/revisions"}],"predecessor-version":[{"id":6740,"href":"https:\/\/chikitoonz.com\/site\/wp-json\/wp\/v2\/pages\/5053\/revisions\/6740"}],"wp:attachment":[{"href":"https:\/\/chikitoonz.com\/site\/wp-json\/wp\/v2\/media?parent=5053"}],"curies":[{"name":"wp","href":"https:\/\/api.w.org\/{rel}","templated":true}]}}